{"id":75,"date":"2013-11-26T21:53:40","date_gmt":"2013-11-26T19:53:40","guid":{"rendered":"http:\/\/localhost\/wallfahrer_wordpress\/?page_id=75"},"modified":"2024-02-05T21:03:54","modified_gmt":"2024-02-05T19:03:54","slug":"ablauf","status":"publish","type":"page","link":"https:\/\/www.kemnather-marienwallfahrt.de\/?page_id=75","title":{"rendered":"Ablauf"},"content":{"rendered":"<p>Der folgende Ablauf gibt in etwa den Ablauf der Wallfahrt wieder:<\/p>\n<p><strong>Freitag:<\/strong><br \/>\n22:00 Uhr: Andacht in der Stadtpfarrkirche, Er\u00f6ffnung der Wallfahrt<br \/>\n22:15 Uhr: Abmarsch an der Stadtpfarrkirche Kemnath<\/p>\n<p><strong>Samstag:<\/strong><br \/>\n01:45 Uhr: Rast in Rosenhammer, kleine Brotzeit mit Wurstsemmeln und Getr\u00e4nken<br \/>\n03:00 Uhr: Fortsetzung der Wallfahrt in Richtung Bad Berneck<br \/>\n06:30 Uhr: Einkehr in die Gastst\u00e4tte Friedrich in Bad Berneck, M\u00f6glichkeit zum Fr\u00fchst\u00fccken<br \/>\n08:30 Uhr: Fortsetzung der Wallfahrt in Richtung Hohenknoden<br \/>\n12:30 Uhr: Ankunft in Marienweiher<br \/>\n17:00 Uhr: Beichtgelegenheit in Marienweiher<br \/>\n18:30 Uhr: Rosenkranz in der Basilika<br \/>\n19:00 Uhr: Kreuzweg um das Kloster<\/p>\n<p><strong>Sonntag:<\/strong><br \/>\n09:00 Uhr: Gottesdienst in der Wallfahrtskirche<br \/>\n12:00 Uhr: Gemeinsamer R\u00fcckmarsch nach Wirsberg<br \/>\n14:00 Uhr: Ankunft in Wirsberg. Von dort aus Weiterreise mit dem Bus nach Kemnath<br \/>\n15:15 Uhr: Ankunft in Kemnath. Festlicher Einzug in die Stadtpfarrkirche. Beendigung der Wallfahrt mit einer kurzen Andacht.<\/p>\n<p><iframe loading=\"lazy\" src=\"https:\/\/maps.google.de\/maps\/ms?msa=0&amp;msid=218280155856558689078.00047a0e48e4fa456424a&amp;ie=UTF8&amp;t=m&amp;ll=50.013034,11.763611&amp;spn=0.423598,0.878906&amp;z=10&amp;output=embed\" width=\"640\" height=\"480\" frameborder=\"0\" marginwidth=\"0\" marginheight=\"0\" scrolling=\"no\"><\/iframe><br \/>\n<small><a style=\"color: #0000ff; text-align: left;\" href=\"https:\/\/maps.google.de\/maps\/ms?msa=0&amp;msid=218280155856558689078.00047a0e48e4fa456424a&amp;ie=UTF8&amp;t=m&amp;ll=50.013034,11.763611&amp;spn=0.423598,0.878906&amp;z=10&amp;source=embed\">Kemnather Marienwallfahrt<\/a> auf einer gr\u00f6\u00dferen Karte anzeigen<\/small><\/p>\n","protected":false},"excerpt":{"rendered":"<p>Der folgende Ablauf gibt in etwa den Ablauf der Wallfahrt wieder: Freitag: 22:00 Uhr: Andacht in der Stadtpfarrkirche, Er\u00f6ffnung der Wallfahrt 22:15 Uhr: Abmarsch an der Stadtpfarrkirche Kemnath Samstag: 01:45 Uhr: Rast in Rosenhammer, kleine Brotzeit mit Wurstsemmeln und Getr\u00e4nken 03:00 Uhr: Fortsetzung der Wallfahrt in Richtung Bad Berneck 06:30 Uhr: Einkehr in die Gastst\u00e4tte &hellip; <a href=\"https:\/\/www.kemnather-marienwallfahrt.de\/?page_id=75\" class=\"more-link\"><span class=\"screen-reader-text\">Ablauf<\/span> weiterlesen <span class=\"meta-nav\">&rarr;<\/span><\/a><\/p>\n","protected":false},"author":1,"featured_media":0,"parent":0,"menu_order":0,"comment_status":"closed","ping_status":"closed","template":"","meta":{"ngg_post_thumbnail":0,"footnotes":""},"_links":{"self":[{"href":"https:\/\/www.kemnather-marienwallfahrt.de\/index.php?rest_route=\/wp\/v2\/pages\/75"}],"collection":[{"href":"https:\/\/www.kemnather-marienwallfahrt.de\/index.php?rest_route=\/wp\/v2\/pages"}],"about":[{"href":"https:\/\/www.kemnather-marienwallfahrt.de\/index.php?rest_route=\/wp\/v2\/types\/page"}],"author":[{"embeddable":true,"href":"https:\/\/www.kemnather-marienwallfahrt.de\/index.php?rest_route=\/wp\/v2\/users\/1"}],"replies":[{"embeddable":true,"href":"https:\/\/www.kemnather-marienwallfahrt.de\/index.php?rest_route=%2Fwp%2Fv2%2Fcomments&post=75"}],"version-history":[{"count":15,"href":"https:\/\/www.kemnather-marienwallfahrt.de\/index.php?rest_route=\/wp\/v2\/pages\/75\/revisions"}],"predecessor-version":[{"id":736,"href":"https:\/\/www.kemnather-marienwallfahrt.de\/index.php?rest_route=\/wp\/v2\/pages\/75\/revisions\/736"}],"wp:attachment":[{"href":"https:\/\/www.kemnather-marienwallfahrt.de\/index.php?rest_route=%2Fwp%2Fv2%2Fmedia&parent=75"}],"curies":[{"name":"wp","href":"https:\/\/api.w.org\/{rel}","templated":true}]}}