{"id":2,"date":"2013-09-17T21:37:07","date_gmt":"2013-09-17T19:37:07","guid":{"rendered":"http:\/\/localhost\/wallfahrer_wordpress\/?page_id=2"},"modified":"2024-02-05T21:01:30","modified_gmt":"2024-02-05T19:01:30","slug":"beispiel-seite","status":"publish","type":"page","link":"https:\/\/www.kemnather-marienwallfahrt.de\/","title":{"rendered":"Herzlich willkommen!"},"content":{"rendered":"<p>Willkommen auf der Seite der Kemnather Marienwallfahrt!<\/p>\n<p>Hier erhalten Sie n\u00fctzliche Informationen \u00fcber den Ablauf und die Historie dieser traditionsreichen Wallfahrt.&nbsp;<\/p>\n<p>F\u00fcr das Jahr 2024 ist wieder eine Wallfahrt geplant.<\/p>\n<p>Sie findet statt<strong> vom 19.07.24 &#8211; 21.07.24.<\/strong><\/p>\n<p>Wir hoffen auf rege Teilnahme \ud83d\ude42 .<\/p>\n<p>Viel Spa\u00df beim St\u00f6bern.<\/p>\n","protected":false},"excerpt":{"rendered":"<p>Willkommen auf der Seite der Kemnather Marienwallfahrt! Hier erhalten Sie n\u00fctzliche Informationen \u00fcber den Ablauf und die Historie dieser traditionsreichen Wallfahrt.&nbsp; F\u00fcr das Jahr 2024 ist wieder eine Wallfahrt geplant. Sie findet statt vom 19.07.24 &#8211; 21.07.24. Wir hoffen auf rege Teilnahme \ud83d\ude42 . Viel Spa\u00df beim St\u00f6bern.<\/p>\n","protected":false},"author":1,"featured_media":0,"parent":0,"menu_order":0,"comment_status":"closed","ping_status":"closed","template":"","meta":{"ngg_post_thumbnail":0,"footnotes":""},"_links":{"self":[{"href":"https:\/\/www.kemnather-marienwallfahrt.de\/index.php?rest_route=\/wp\/v2\/pages\/2"}],"collection":[{"href":"https:\/\/www.kemnather-marienwallfahrt.de\/index.php?rest_route=\/wp\/v2\/pages"}],"about":[{"href":"https:\/\/www.kemnather-marienwallfahrt.de\/index.php?rest_route=\/wp\/v2\/types\/page"}],"author":[{"embeddable":true,"href":"https:\/\/www.kemnather-marienwallfahrt.de\/index.php?rest_route=\/wp\/v2\/users\/1"}],"replies":[{"embeddable":true,"href":"https:\/\/www.kemnather-marienwallfahrt.de\/index.php?rest_route=%2Fwp%2Fv2%2Fcomments&post=2"}],"version-history":[{"count":20,"href":"https:\/\/www.kemnather-marienwallfahrt.de\/index.php?rest_route=\/wp\/v2\/pages\/2\/revisions"}],"predecessor-version":[{"id":735,"href":"https:\/\/www.kemnather-marienwallfahrt.de\/index.php?rest_route=\/wp\/v2\/pages\/2\/revisions\/735"}],"wp:attachment":[{"href":"https:\/\/www.kemnather-marienwallfahrt.de\/index.php?rest_route=%2Fwp%2Fv2%2Fmedia&parent=2"}],"curies":[{"name":"wp","href":"https:\/\/api.w.org\/{rel}","templated":true}]}}