{"id":72,"date":"2013-11-26T21:49:56","date_gmt":"2013-11-26T19:49:56","guid":{"rendered":"http:\/\/localhost\/wallfahrer_wordpress\/?page_id=72"},"modified":"2022-07-05T20:29:28","modified_gmt":"2022-07-05T18:29:28","slug":"allgemeine-infos","status":"publish","type":"page","link":"http:\/\/www.kemnather-marienwallfahrt.de\/?page_id=72","title":{"rendered":"Allgemeine Infos"},"content":{"rendered":"<p><strong>Unterkunft in Marienweiher<\/strong><br \/>\nEs gibt verschiedene M\u00f6glichkeiten, in Marienweiher die Nacht zu verbringen:<\/p>\n<p>1. Unterkunft in den verschiedenen Gastst\u00e4tten in Marienweiher:<br \/>\n&#8211; Gasthaus zum Adler: Tel. 09255 \/ 276<br \/>\n&#8211; Gasthof Klosterbr\u00e4u: 8 Zimmer (auch f\u00fcr Familien), Tel. 09255 \/ 8075616<br \/>\n&#8211; Gasthof Zwei Linden: Tel. 09255 \/ 96 34 36<\/p>\n<p>2. Unterkunft bei mehreren Privatvermietern<\/p>\n<p>3. Kostenlos, jedoch mit verminderten Komfort: Die Klosterbr\u00fcder von Marienweiher stellen eine kostenlose Unterkunft zur Verf\u00fcgung. Matrazen sind vorhanden, lediglich Schlafsack oder Decke und ein Kissen sollten mitgebracht werden. Zudem besteht dort auch eine kostenlose Wasch- und Duschm\u00f6glichkeit.<\/p>\n<p><strong>Gep\u00e4ck und Verpflegung<\/strong><br \/>\nIm Gegensatz zu fr\u00fcheren Zeiten mu\u00df nicht mehr das gesamte Gep\u00e4ck von jedem Pilger selbst nach Marenweiher getragen werden. Es besteht, die M\u00f6glichkeit, w\u00e4hrend der Wallfahrt einen Teil des Gep\u00e4cks oder gar alles in den Feuerwehrfahrzeugen zu verstauen.<br \/>\nF\u00fcr den Durst zwischendurch besteht au\u00dferdem die M\u00f6glichkeit zum Erwerb von Getr\u00e4nken w\u00e4hrend der Wallfahrt zum Selbstkostenpreis. Sonstige Brotzeiten sollten allerdings selbst mitgebracht werden.<\/p>\n<p><strong>Sicherheit und Erste Hilfe<\/strong><br \/>\nDa die Wallfahrt zu einem gro\u00dfen Teil in der Nacht stattfindet, wird f\u00fcr die Sicherheit der Wallfahrer gesorgt. Es begleitet uns die FFW K\u00f6tzersdorf mit zwei Fahrzeugen. Ordner regeln den Verkehrsfluss und sorgen f\u00fcr einen reibungslosen Ablauf. Bei kleineren Blessuren kann zudem Erste Hilfe geleistet werden. Sollten Wallfahrer w\u00e4hrend der Wallfahrt aussetzen wollen, besteht die M\u00f6glichkeit zur tempor\u00e4ren Mitfahrt in den Begleitfahrzeugen.<\/p>\n<p><strong>Einstieg in die Wallfahrt am Samstag-Morgen in Bad Berneck<\/strong><br \/>\nPersonen, die nicht die komplette Wallfahrtsstrecke laufen wollen oder einfach nicht k\u00f6nnen, wird am Samstag eine Einstiegsm\u00f6glichkeit in Bad Berneck angeboten. Die Abfahrt des Busses dorthin ist um 07:00 Uhr an der Pfarrkirche in Kemnath. Zuvor findet um 06:30 Uhr ein Wallfahreramt in der Pfarrkirche statt.<br \/>\nDie Strecke von Bad Berneck nach Marienweiher betr\u00e4gt ca. 19 km. Einzug der Wallfahrer in Marienweiher ist um 12:30 Uhr.<\/p>\n<p><strong>Mit dem Bus nach Marienweiher<\/strong><br \/>\nEs besteht die M\u00f6glichkeit, direkt am Sonntagsgottesdienst in Marienweiher teilzunehmen. Daf\u00fcr wurde ein Bus von Kemnath nach Marienweiher organisiert.<br \/>\nAbfahrt des Busses ist am Sonntag, um 07:00 Uhr am Busbahnhof. R\u00fcckfahrt des Busses von Marienweiher nach Kemnath \u00fcber Wirsberg ist nach dem Kreuzweg  wo man sich dann ca. 14:00 Uhr in Wirsberg mit den Fu\u00dfwallfahrern trifft und dann gemeinsam den Weg nach Kemnath antritt. Die Ankunft in Kemnath ist dann gegen 15:15 Uhr.<\/p>\n","protected":false},"excerpt":{"rendered":"<p>Unterkunft in Marienweiher Es gibt verschiedene M\u00f6glichkeiten, in Marienweiher die Nacht zu verbringen: 1. Unterkunft in den verschiedenen Gastst\u00e4tten in Marienweiher: &#8211; Gasthaus zum Adler: Tel. 09255 \/ 276 &#8211; Gasthof Klosterbr\u00e4u: 8 Zimmer (auch f\u00fcr Familien), Tel. 09255 \/ 8075616 &#8211; Gasthof Zwei Linden: Tel. 09255 \/ 96 34 36 2. Unterkunft bei mehreren &hellip; <a href=\"http:\/\/www.kemnather-marienwallfahrt.de\/?page_id=72\" class=\"more-link\"><span class=\"screen-reader-text\">Allgemeine Infos<\/span> weiterlesen <span class=\"meta-nav\">&rarr;<\/span><\/a><\/p>\n","protected":false},"author":1,"featured_media":0,"parent":0,"menu_order":0,"comment_status":"closed","ping_status":"closed","template":"","meta":{"ngg_post_thumbnail":0,"footnotes":""},"_links":{"self":[{"href":"http:\/\/www.kemnather-marienwallfahrt.de\/index.php?rest_route=\/wp\/v2\/pages\/72"}],"collection":[{"href":"http:\/\/www.kemnather-marienwallfahrt.de\/index.php?rest_route=\/wp\/v2\/pages"}],"about":[{"href":"http:\/\/www.kemnather-marienwallfahrt.de\/index.php?rest_route=\/wp\/v2\/types\/page"}],"author":[{"embeddable":true,"href":"http:\/\/www.kemnather-marienwallfahrt.de\/index.php?rest_route=\/wp\/v2\/users\/1"}],"replies":[{"embeddable":true,"href":"http:\/\/www.kemnather-marienwallfahrt.de\/index.php?rest_route=%2Fwp%2Fv2%2Fcomments&post=72"}],"version-history":[{"count":13,"href":"http:\/\/www.kemnather-marienwallfahrt.de\/index.php?rest_route=\/wp\/v2\/pages\/72\/revisions"}],"predecessor-version":[{"id":595,"href":"http:\/\/www.kemnather-marienwallfahrt.de\/index.php?rest_route=\/wp\/v2\/pages\/72\/revisions\/595"}],"wp:attachment":[{"href":"http:\/\/www.kemnather-marienwallfahrt.de\/index.php?rest_route=%2Fwp%2Fv2%2Fmedia&parent=72"}],"curies":[{"name":"wp","href":"https:\/\/api.w.org\/{rel}","templated":true}]}}